{"id":333,"date":"2025-04-23T00:14:24","date_gmt":"2025-04-23T00:14:24","guid":{"rendered":"https:\/\/vh11213.vh.net.pl\/?post_type=product&#038;p=333"},"modified":"2025-06-16T12:47:38","modified_gmt":"2025-06-16T12:47:38","slug":"halynowy-kacz-up-drugi-wejsciowka","status":"publish","type":"product","link":"https:\/\/vh11213.vh.net.pl\/index.php\/product\/halynowy-kacz-up-drugi-wejsciowka\/","title":{"rendered":"HALYNOWY Kacz-UP drugi &#8211; Wej\u015bci\u00f3wka"},"content":{"rendered":"<p>Doro\u015bli Piatek &#8211; Sobota<br \/>\nDoro\u015bli Sobota &#8211; Niedziela<br \/>\nDoro\u015bli Ca\u0142y WEEKEND<\/p>\n<p>&nbsp;<\/p>\n","protected":false},"excerpt":{"rendered":"<p>Wej\u015bci\u00f3wka Doro\u015bli<\/p>\n<p>13, 14 &amp; 15 Czerwca<br \/>\nHALINOWY Kacz-Up drugi<\/p>\n<p>Silversone Farm Campsite<br \/>\nNN128UP, Towcester<\/p>\n","protected":false},"featured_media":251,"template":"","meta":[],"product_brand":[],"product_cat":[49],"product_tag":[],"class_list":{"0":"post-333","1":"product","2":"type-product","3":"status-publish","4":"has-post-thumbnail","6":"product_cat-events","8":"first","9":"outofstock","10":"shipping-taxable","11":"purchasable","12":"product-type-variable"},"jetpack_sharing_enabled":true,"_links":{"self":[{"href":"https:\/\/vh11213.vh.net.pl\/index.php\/wp-json\/wp\/v2\/product\/333","targetHints":{"allow":["GET"]}}],"collection":[{"href":"https:\/\/vh11213.vh.net.pl\/index.php\/wp-json\/wp\/v2\/product"}],"about":[{"href":"https:\/\/vh11213.vh.net.pl\/index.php\/wp-json\/wp\/v2\/types\/product"}],"wp:featuredmedia":[{"embeddable":true,"href":"https:\/\/vh11213.vh.net.pl\/index.php\/wp-json\/wp\/v2\/media\/251"}],"wp:attachment":[{"href":"https:\/\/vh11213.vh.net.pl\/index.php\/wp-json\/wp\/v2\/media?parent=333"}],"wp:term":[{"taxonomy":"product_brand","embeddable":true,"href":"https:\/\/vh11213.vh.net.pl\/index.php\/wp-json\/wp\/v2\/product_brand?post=333"},{"taxonomy":"product_cat","embeddable":true,"href":"https:\/\/vh11213.vh.net.pl\/index.php\/wp-json\/wp\/v2\/product_cat?post=333"},{"taxonomy":"product_tag","embeddable":true,"href":"https:\/\/vh11213.vh.net.pl\/index.php\/wp-json\/wp\/v2\/product_tag?post=333"}],"curies":[{"name":"wp","href":"https:\/\/api.w.org\/{rel}","templated":true}]}}